{"id":1606,"date":"2025-03-13T20:00:21","date_gmt":"2025-03-13T20:00:21","guid":{"rendered":"https:\/\/pratormx.com\/?post_type=product&#038;p=1606"},"modified":"2025-07-22T05:24:07","modified_gmt":"2025-07-22T05:24:07","slug":"sujetador","status":"publish","type":"product","link":"https:\/\/pratormx.com\/?product=sujetador","title":{"rendered":"Sujetador de Bater\u00eda Ajustable"},"content":{"rendered":"<p class=\"p1\"><b>Seguridad y Estabilidad para tu Auto<\/b><\/p>\n<p class=\"p1\">Evita que la bater\u00eda de tu auto se mueva con nuestro <span class=\"s1\"><b>sujetador de bater\u00eda ajustable<\/b><\/span>. Dise\u00f1ado para adaptarse a la mayor\u00eda de modelos de veh\u00edculos, ofrece una sujeci\u00f3n firme y segura, protegiendo la bater\u00eda de golpes y vibraciones en el camino. Fabricado en <span class=\"s1\"><b>metal resistente y duradero<\/b><\/span>, garantiza una larga vida \u00fatil y un ajuste perfecto. <span class=\"s1\"><b>F\u00e1cil de instalar<\/b><\/span> y con un dise\u00f1o vers\u00e1til que brinda m\u00e1xima estabilidad.<\/p>\n<p class=\"p3\"><b>Caracter\u00edsticas:<\/b><b><\/b><\/p>\n<p class=\"p1\">\u2705 Ajustable para la mayor\u00eda de modelos de autos<\/p>\n<p class=\"p1\">\u2705 Fabricado en metal resistente y duradero<\/p>\n<p class=\"p1\">\u2705 Evita movimientos y vibraciones de la bater\u00eda<\/p>\n<p class=\"p1\">\u2705 Instalaci\u00f3n r\u00e1pida y sencilla<\/p>\n<p class=\"p1\">\u00a1Asegura tu bater\u00eda y maneja con confianza!<\/p>\n","protected":false},"excerpt":{"rendered":"<p>Evita que la bater\u00eda de tu auto se mueva con nuestro <span class=\"s1\"><b>sujetador de bater\u00eda ajustable<\/b><\/span>.<\/p>\n","protected":false},"featured_media":1547,"comment_status":"open","ping_status":"closed","template":"","meta":{"_acf_changed":false},"product_brand":[],"product_cat":[48],"product_tag":[50],"class_list":{"0":"post-1606","1":"product","2":"type-product","3":"status-publish","4":"has-post-thumbnail","6":"product_cat-bateria-de-auto","7":"product_tag-sujetador","9":"first","10":"instock","11":"shipping-taxable","12":"purchasable","13":"product-type-simple"},"acf":[],"yoast_head":"<!-- This site is optimized with the Yoast SEO plugin v27.5 - https:\/\/yoast.com\/product\/yoast-seo-wordpress\/ -->\n<title>Sujetador de Bater\u00eda Ajustable - PRATOR<\/title>\n<meta name=\"description\" content=\"Conoce nuestro sujetador de bater\u00eda ajustable. Dise\u00f1ado para adaptarse a la mayor\u00eda de modelos de veh\u00edculos, ofrece una sujeci\u00f3n firme y segura, protegiendo la bater\u00eda de golpes y vibraciones en el camino. Fabricado en metal resistente y duradero, garantiza una larga vida \u00fatil y un ajuste perfecto\" \/>\n<meta name=\"robots\" content=\"index, follow, max-snippet:-1, max-image-preview:large, max-video-preview:-1\" \/>\n<link rel=\"canonical\" href=\"https:\/\/pratormx.com\/?product=sujetador\" \/>\n<meta property=\"og:locale\" content=\"en_US\" \/>\n<meta property=\"og:type\" content=\"article\" \/>\n<meta property=\"og:title\" content=\"Sujetador de Bater\u00eda Ajustable - PRATOR\" \/>\n<meta property=\"og:description\" content=\"Conoce nuestro sujetador de bater\u00eda ajustable. Dise\u00f1ado para adaptarse a la mayor\u00eda de modelos de veh\u00edculos, ofrece una sujeci\u00f3n firme y segura, protegiendo la bater\u00eda de golpes y vibraciones en el camino. Fabricado en metal resistente y duradero, garantiza una larga vida \u00fatil y un ajuste perfecto\" \/>\n<meta property=\"og:url\" content=\"https:\/\/pratormx.com\/?product=sujetador\" \/>\n<meta property=\"og:site_name\" content=\"PRATOR\" \/>\n<meta property=\"article:modified_time\" content=\"2025-07-22T05:24:07+00:00\" \/>\n<meta property=\"og:image\" content=\"https:\/\/pratormx.com\/wp-content\/uploads\/2025\/03\/sujetador.jpg\" \/>\n\t<meta property=\"og:image:width\" content=\"1284\" \/>\n\t<meta property=\"og:image:height\" content=\"1231\" \/>\n\t<meta property=\"og:image:type\" content=\"image\/jpeg\" \/>\n<meta name=\"twitter:card\" content=\"summary_large_image\" \/>\n<meta name=\"twitter:label1\" content=\"Est. reading time\" \/>\n\t<meta name=\"twitter:data1\" content=\"1 minute\" \/>\n<script type=\"application\/ld+json\" class=\"yoast-schema-graph\">{\"@context\":\"https:\\\/\\\/schema.org\",\"@graph\":[{\"@type\":\"WebPage\",\"@id\":\"https:\\\/\\\/pratormx.com\\\/?product=sujetador\",\"url\":\"https:\\\/\\\/pratormx.com\\\/?product=sujetador\",\"name\":\"Sujetador de Bater\u00eda Ajustable - PRATOR\",\"isPartOf\":{\"@id\":\"https:\\\/\\\/pratormx.com\\\/#website\"},\"primaryImageOfPage\":{\"@id\":\"https:\\\/\\\/pratormx.com\\\/?product=sujetador#primaryimage\"},\"image\":{\"@id\":\"https:\\\/\\\/pratormx.com\\\/?product=sujetador#primaryimage\"},\"thumbnailUrl\":\"https:\\\/\\\/pratormx.com\\\/wp-content\\\/uploads\\\/2025\\\/03\\\/sujetador.jpg\",\"datePublished\":\"2025-03-13T20:00:21+00:00\",\"dateModified\":\"2025-07-22T05:24:07+00:00\",\"description\":\"Conoce nuestro sujetador de bater\u00eda ajustable. Dise\u00f1ado para adaptarse a la mayor\u00eda de modelos de veh\u00edculos, ofrece una sujeci\u00f3n firme y segura, protegiendo la bater\u00eda de golpes y vibraciones en el camino. Fabricado en metal resistente y duradero, garantiza una larga vida \u00fatil y un ajuste perfecto\",\"breadcrumb\":{\"@id\":\"https:\\\/\\\/pratormx.com\\\/?product=sujetador#breadcrumb\"},\"inLanguage\":\"en-US\",\"potentialAction\":[{\"@type\":\"ReadAction\",\"target\":[\"https:\\\/\\\/pratormx.com\\\/?product=sujetador\"]}]},{\"@type\":\"ImageObject\",\"inLanguage\":\"en-US\",\"@id\":\"https:\\\/\\\/pratormx.com\\\/?product=sujetador#primaryimage\",\"url\":\"https:\\\/\\\/pratormx.com\\\/wp-content\\\/uploads\\\/2025\\\/03\\\/sujetador.jpg\",\"contentUrl\":\"https:\\\/\\\/pratormx.com\\\/wp-content\\\/uploads\\\/2025\\\/03\\\/sujetador.jpg\",\"width\":1284,\"height\":1231},{\"@type\":\"BreadcrumbList\",\"@id\":\"https:\\\/\\\/pratormx.com\\\/?product=sujetador#breadcrumb\",\"itemListElement\":[{\"@type\":\"ListItem\",\"position\":1,\"name\":\"Home\",\"item\":\"https:\\\/\\\/pratormx.com\\\/\"},{\"@type\":\"ListItem\",\"position\":2,\"name\":\"Shop\",\"item\":\"https:\\\/\\\/pratormx.com\\\/?page_id=9\"},{\"@type\":\"ListItem\",\"position\":3,\"name\":\"Sujetador de Bater\u00eda Ajustable\"}]},{\"@type\":\"WebSite\",\"@id\":\"https:\\\/\\\/pratormx.com\\\/#website\",\"url\":\"https:\\\/\\\/pratormx.com\\\/\",\"name\":\"PRATOR\",\"description\":\"\",\"publisher\":{\"@id\":\"https:\\\/\\\/pratormx.com\\\/#organization\"},\"potentialAction\":[{\"@type\":\"SearchAction\",\"target\":{\"@type\":\"EntryPoint\",\"urlTemplate\":\"https:\\\/\\\/pratormx.com\\\/?s={search_term_string}\"},\"query-input\":{\"@type\":\"PropertyValueSpecification\",\"valueRequired\":true,\"valueName\":\"search_term_string\"}}],\"inLanguage\":\"en-US\"},{\"@type\":\"Organization\",\"@id\":\"https:\\\/\\\/pratormx.com\\\/#organization\",\"name\":\"PRATOR\",\"url\":\"https:\\\/\\\/pratormx.com\\\/\",\"logo\":{\"@type\":\"ImageObject\",\"inLanguage\":\"en-US\",\"@id\":\"https:\\\/\\\/pratormx.com\\\/#\\\/schema\\\/logo\\\/image\\\/\",\"url\":\"https:\\\/\\\/pratormx.com\\\/wp-content\\\/uploads\\\/2025\\\/03\\\/pratorlogosmall.png\",\"contentUrl\":\"https:\\\/\\\/pratormx.com\\\/wp-content\\\/uploads\\\/2025\\\/03\\\/pratorlogosmall.png\",\"width\":624,\"height\":351,\"caption\":\"PRATOR\"},\"image\":{\"@id\":\"https:\\\/\\\/pratormx.com\\\/#\\\/schema\\\/logo\\\/image\\\/\"}}]}<\/script>\n<!-- \/ Yoast SEO plugin. -->","yoast_head_json":{"title":"Sujetador de Bater\u00eda Ajustable - PRATOR","description":"Conoce nuestro sujetador de bater\u00eda ajustable. Dise\u00f1ado para adaptarse a la mayor\u00eda de modelos de veh\u00edculos, ofrece una sujeci\u00f3n firme y segura, protegiendo la bater\u00eda de golpes y vibraciones en el camino. Fabricado en metal resistente y duradero, garantiza una larga vida \u00fatil y un ajuste perfecto","robots":{"index":"index","follow":"follow","max-snippet":"max-snippet:-1","max-image-preview":"max-image-preview:large","max-video-preview":"max-video-preview:-1"},"canonical":"https:\/\/pratormx.com\/?product=sujetador","og_locale":"en_US","og_type":"article","og_title":"Sujetador de Bater\u00eda Ajustable - PRATOR","og_description":"Conoce nuestro sujetador de bater\u00eda ajustable. Dise\u00f1ado para adaptarse a la mayor\u00eda de modelos de veh\u00edculos, ofrece una sujeci\u00f3n firme y segura, protegiendo la bater\u00eda de golpes y vibraciones en el camino. Fabricado en metal resistente y duradero, garantiza una larga vida \u00fatil y un ajuste perfecto","og_url":"https:\/\/pratormx.com\/?product=sujetador","og_site_name":"PRATOR","article_modified_time":"2025-07-22T05:24:07+00:00","og_image":[{"width":1284,"height":1231,"url":"https:\/\/pratormx.com\/wp-content\/uploads\/2025\/03\/sujetador.jpg","type":"image\/jpeg"}],"twitter_card":"summary_large_image","twitter_misc":{"Est. reading time":"1 minute"},"schema":{"@context":"https:\/\/schema.org","@graph":[{"@type":"WebPage","@id":"https:\/\/pratormx.com\/?product=sujetador","url":"https:\/\/pratormx.com\/?product=sujetador","name":"Sujetador de Bater\u00eda Ajustable - PRATOR","isPartOf":{"@id":"https:\/\/pratormx.com\/#website"},"primaryImageOfPage":{"@id":"https:\/\/pratormx.com\/?product=sujetador#primaryimage"},"image":{"@id":"https:\/\/pratormx.com\/?product=sujetador#primaryimage"},"thumbnailUrl":"https:\/\/pratormx.com\/wp-content\/uploads\/2025\/03\/sujetador.jpg","datePublished":"2025-03-13T20:00:21+00:00","dateModified":"2025-07-22T05:24:07+00:00","description":"Conoce nuestro sujetador de bater\u00eda ajustable. Dise\u00f1ado para adaptarse a la mayor\u00eda de modelos de veh\u00edculos, ofrece una sujeci\u00f3n firme y segura, protegiendo la bater\u00eda de golpes y vibraciones en el camino. Fabricado en metal resistente y duradero, garantiza una larga vida \u00fatil y un ajuste perfecto","breadcrumb":{"@id":"https:\/\/pratormx.com\/?product=sujetador#breadcrumb"},"inLanguage":"en-US","potentialAction":[{"@type":"ReadAction","target":["https:\/\/pratormx.com\/?product=sujetador"]}]},{"@type":"ImageObject","inLanguage":"en-US","@id":"https:\/\/pratormx.com\/?product=sujetador#primaryimage","url":"https:\/\/pratormx.com\/wp-content\/uploads\/2025\/03\/sujetador.jpg","contentUrl":"https:\/\/pratormx.com\/wp-content\/uploads\/2025\/03\/sujetador.jpg","width":1284,"height":1231},{"@type":"BreadcrumbList","@id":"https:\/\/pratormx.com\/?product=sujetador#breadcrumb","itemListElement":[{"@type":"ListItem","position":1,"name":"Home","item":"https:\/\/pratormx.com\/"},{"@type":"ListItem","position":2,"name":"Shop","item":"https:\/\/pratormx.com\/?page_id=9"},{"@type":"ListItem","position":3,"name":"Sujetador de Bater\u00eda Ajustable"}]},{"@type":"WebSite","@id":"https:\/\/pratormx.com\/#website","url":"https:\/\/pratormx.com\/","name":"PRATOR","description":"","publisher":{"@id":"https:\/\/pratormx.com\/#organization"},"potentialAction":[{"@type":"SearchAction","target":{"@type":"EntryPoint","urlTemplate":"https:\/\/pratormx.com\/?s={search_term_string}"},"query-input":{"@type":"PropertyValueSpecification","valueRequired":true,"valueName":"search_term_string"}}],"inLanguage":"en-US"},{"@type":"Organization","@id":"https:\/\/pratormx.com\/#organization","name":"PRATOR","url":"https:\/\/pratormx.com\/","logo":{"@type":"ImageObject","inLanguage":"en-US","@id":"https:\/\/pratormx.com\/#\/schema\/logo\/image\/","url":"https:\/\/pratormx.com\/wp-content\/uploads\/2025\/03\/pratorlogosmall.png","contentUrl":"https:\/\/pratormx.com\/wp-content\/uploads\/2025\/03\/pratorlogosmall.png","width":624,"height":351,"caption":"PRATOR"},"image":{"@id":"https:\/\/pratormx.com\/#\/schema\/logo\/image\/"}}]}},"_links":{"self":[{"href":"https:\/\/pratormx.com\/index.php?rest_route=\/wp\/v2\/product\/1606","targetHints":{"allow":["GET"]}}],"collection":[{"href":"https:\/\/pratormx.com\/index.php?rest_route=\/wp\/v2\/product"}],"about":[{"href":"https:\/\/pratormx.com\/index.php?rest_route=\/wp\/v2\/types\/product"}],"replies":[{"embeddable":true,"href":"https:\/\/pratormx.com\/index.php?rest_route=%2Fwp%2Fv2%2Fcomments&post=1606"}],"wp:featuredmedia":[{"embeddable":true,"href":"https:\/\/pratormx.com\/index.php?rest_route=\/wp\/v2\/media\/1547"}],"wp:attachment":[{"href":"https:\/\/pratormx.com\/index.php?rest_route=%2Fwp%2Fv2%2Fmedia&parent=1606"}],"wp:term":[{"taxonomy":"product_brand","embeddable":true,"href":"https:\/\/pratormx.com\/index.php?rest_route=%2Fwp%2Fv2%2Fproduct_brand&post=1606"},{"taxonomy":"product_cat","embeddable":true,"href":"https:\/\/pratormx.com\/index.php?rest_route=%2Fwp%2Fv2%2Fproduct_cat&post=1606"},{"taxonomy":"product_tag","embeddable":true,"href":"https:\/\/pratormx.com\/index.php?rest_route=%2Fwp%2Fv2%2Fproduct_tag&post=1606"}],"curies":[{"name":"wp","href":"https:\/\/api.w.org\/{rel}","templated":true}]}}