{"id":874,"date":"2022-08-22T16:17:50","date_gmt":"2022-08-22T16:17:50","guid":{"rendered":"https:\/\/weblearnbd.net\/wp\/bioxlab\/?page_id=874"},"modified":"2025-03-13T20:55:08","modified_gmt":"2025-03-13T20:55:08","slug":"contact","status":"publish","type":"page","link":"https:\/\/pratormx.com\/?page_id=874","title":{"rendered":"Contact"},"content":{"rendered":"\t\t<div data-elementor-type=\"wp-page\" data-elementor-id=\"874\" class=\"elementor elementor-874\">\n\t\t\t\t\t\t<section class=\"elementor-section elementor-top-section elementor-element elementor-element-074ad30 elementor-section-boxed elementor-section-height-default elementor-section-height-default\" data-id=\"074ad30\" data-element_type=\"section\" data-e-type=\"section\">\n\t\t\t\t\t\t<div class=\"elementor-container elementor-column-gap-default\">\n\t\t\t\t\t<div class=\"elementor-column elementor-col-33 elementor-top-column elementor-element elementor-element-f9fad8a\" data-id=\"f9fad8a\" data-element_type=\"column\" data-e-type=\"column\">\n\t\t\t<div class=\"elementor-widget-wrap elementor-element-populated\">\n\t\t\t\t\t\t<div class=\"elementor-element elementor-element-d6ad8fb elementor-widget elementor-widget-contact-info-box\" data-id=\"d6ad8fb\" data-element_type=\"widget\" data-e-type=\"widget\" data-widget_type=\"contact-info-box.default\">\n\t\t\t\t<div class=\"elementor-widget-container\">\n\t\t\t\t\t\r\n                <div class=\"tpcontact mr-60 mb-60 wow fadeInUp ele-section\" data-wow-delay=\".2s\">\r\n            <div class=\"tpcontact__item text-center\">\r\n                <div class=\"tpcontact__icon mb-20\">\r\n                                        <span class=\"fea__icon ele-feature-icon\">\r\n                                                        <img decoding=\"async\" class=\"light\" src=\"https:\/\/wp.hixstudio.net\/bioxlab\/wp-content\/uploads\/2022\/08\/contact-01.png\" alt=\"\">\r\n                                                <\/span>\r\n                                    <\/div>\r\n                <div class=\"tpcontact__address\">\r\n                                            <h4 class=\"tpcontact__title mb-15 ele-feature-title\">Ubicaci\u00f3n<\/h4>\r\n                    \r\n\t\t\t\t\t\t\t\t\t\t    <span class=\"ele-feature-content\">Guadalajara, Jalisco, M\u00e9xico<\/span>\r\n\t\t\t\t\t                <\/div>\r\n            <\/div>\r\n        <\/div>\r\n                <div class=\"tpcontact mr-60 mb-60 wow fadeInUp ele-section\" data-wow-delay=\".2s\">\r\n            <div class=\"tpcontact__item text-center\">\r\n                <div class=\"tpcontact__icon mb-20\">\r\n                                        <span class=\"fea__icon ele-feature-icon\">\r\n                                                        <img decoding=\"async\" class=\"light\" src=\"https:\/\/wp.hixstudio.net\/bioxlab\/wp-content\/uploads\/2022\/08\/contact-02.png\" alt=\"\">\r\n                                                <\/span>\r\n                                    <\/div>\r\n                <div class=\"tpcontact__address\">\r\n                                            <h4 class=\"tpcontact__title mb-15 ele-feature-title\">Ll\u00e1manos<\/h4>\r\n                    \r\n\t\t\t\t\t\t\t\t\t\t    <span class=\"ele-feature-content\">+523312887399<\/span>\r\n\t\t\t\t\t                <\/div>\r\n            <\/div>\r\n        <\/div>\r\n                <div class=\"tpcontact mr-60 mb-60 wow fadeInUp ele-section\" data-wow-delay=\".2s\">\r\n            <div class=\"tpcontact__item text-center\">\r\n                <div class=\"tpcontact__icon mb-20\">\r\n                                        <span class=\"fea__icon ele-feature-icon\">\r\n                                                        <img decoding=\"async\" class=\"light\" src=\"https:\/\/wp.hixstudio.net\/bioxlab\/wp-content\/uploads\/2022\/08\/contact-03.png\" alt=\"\">\r\n                                                <\/span>\r\n                                    <\/div>\r\n                <div class=\"tpcontact__address\">\r\n                                            <h4 class=\"tpcontact__title mb-15 ele-feature-title\">Atenci\u00f3n 24 horas<\/h4>\r\n                    \r\n\t\t\t\t\t\t\t\t\t\t    <span class=\"ele-feature-content\">------<\/span>\r\n\t\t\t\t\t                <\/div>\r\n            <\/div>\r\n        <\/div>\r\n        \r\n        \t\t\t\t<\/div>\n\t\t\t\t<\/div>\n\t\t\t\t\t<\/div>\n\t\t<\/div>\n\t\t\t\t<div class=\"elementor-column elementor-col-66 elementor-top-column elementor-element elementor-element-28a3e1a\" data-id=\"28a3e1a\" data-element_type=\"column\" data-e-type=\"column\">\n\t\t\t<div class=\"elementor-widget-wrap elementor-element-populated\">\n\t\t\t\t\t\t<div class=\"elementor-element elementor-element-de78e7b elementor-widget elementor-widget-contactform\" data-id=\"de78e7b\" data-element_type=\"widget\" data-e-type=\"widget\" data-widget_type=\"contactform.default\">\n\t\t\t\t<div class=\"elementor-widget-container\">\n\t\t\t\t\t\r\n\r\n<div class=\"contactform wow fadeInRight ele-section\" data-wow-delay=\".4s\">\r\n                    <!-- <i class=\"fa-light fa-file-signature\"> -->\r\n        <h2 class=\"contactform__title mb-35 ele-title\">Contacto :<\/h2>\r\n            \r\n    <div class=\"contactform__list mb-60\">\r\n                <div class=\"form-wrapper\">\r\n            \n<div class=\"wpcf7 no-js\" id=\"wpcf7-f886-o1\" lang=\"en-US\" dir=\"ltr\" data-wpcf7-id=\"886\">\n<div class=\"screen-reader-response\"><p role=\"status\" aria-live=\"polite\" aria-atomic=\"true\"><\/p> <ul><\/ul><\/div>\n<form action=\"\/index.php?rest_route=%2Fwp%2Fv2%2Fpages%2F874#wpcf7-f886-o1\" method=\"post\" class=\"wpcf7-form init\" aria-label=\"Contact form\" novalidate=\"novalidate\" data-status=\"init\">\n<fieldset class=\"hidden-fields-container\"><input type=\"hidden\" name=\"_wpcf7\" value=\"886\" \/><input type=\"hidden\" name=\"_wpcf7_version\" value=\"6.1.5\" \/><input type=\"hidden\" name=\"_wpcf7_locale\" value=\"en_US\" \/><input type=\"hidden\" name=\"_wpcf7_unit_tag\" value=\"wpcf7-f886-o1\" \/><input type=\"hidden\" name=\"_wpcf7_container_post\" value=\"0\" \/><input type=\"hidden\" name=\"_wpcf7_posted_data_hash\" value=\"\" \/>\n<\/fieldset>\n<div class=\"row\">\n    <div class=\"col-lg-6\">\n    <div class=\"contactform__input mb-30\">\n        <span class=\"wpcf7-form-control-wrap\" data-name=\"tpc-name\"><input size=\"40\" maxlength=\"400\" class=\"wpcf7-form-control wpcf7-text\" aria-invalid=\"false\" placeholder=\"Nombre\" value=\"\" type=\"text\" name=\"tpc-name\" \/><\/span>\n    <\/div>\n    <\/div>\n    <div class=\"col-lg-6\">\n    <div class=\"contactform__input mb-30\">\n        <span class=\"wpcf7-form-control-wrap\" data-name=\"tpc-email\"><input size=\"40\" maxlength=\"400\" class=\"wpcf7-form-control wpcf7-email wpcf7-text wpcf7-validates-as-email\" aria-invalid=\"false\" placeholder=\"Correo\" value=\"\" type=\"email\" name=\"tpc-email\" \/><\/span>\n    <\/div>\n    <\/div>\n    <div class=\"col-lg-6\">\n    <div class=\"contactform__input mb-30\">\n        <span class=\"wpcf7-form-control-wrap\" data-name=\"tpc-phone\"><input class=\"wpcf7-form-control wpcf7-number wpcf7-validates-as-number\" aria-invalid=\"false\" placeholder=\"Tel\u00e9fono\" value=\"\" type=\"number\" name=\"tpc-phone\" \/><\/span>\n    <\/div>\n    <\/div>\n    <div class=\"col-lg-6\">\n    <div class=\"contactform__input mb-30\">\n        <span class=\"wpcf7-form-control-wrap\" data-name=\"tpc-website\"><input size=\"40\" maxlength=\"400\" class=\"wpcf7-form-control wpcf7-text\" aria-invalid=\"false\" placeholder=\"P\u00e1gina web (opcional)\" value=\"\" type=\"text\" name=\"tpc-website\" \/><\/span>\n    <\/div>\n    <\/div>\n    <div class=\"col-lg-12\">\n    <div class=\"contactform__input mb-30\">\n        <span class=\"wpcf7-form-control-wrap\" data-name=\"tpc-message\"><textarea cols=\"40\" rows=\"10\" maxlength=\"2000\" class=\"wpcf7-form-control wpcf7-textarea\" aria-invalid=\"false\" placeholder=\"Comentario\" name=\"tpc-message\"><\/textarea><\/span>\n    <\/div>\n    <\/div>\n    <div class=\"col-lg-12\">\n    <div class=\"contactform__input mb-30-btn\">\n        <button type=\"submit\" class=\"tp-btn\">Enviar Mensaje<\/button>\n    <\/div>\n    <\/div>\n<\/div><div class=\"wpcf7-response-output\" aria-hidden=\"true\"><\/div>\n<\/form>\n<\/div>\n        <\/div>\r\n            <\/div>\r\n<\/div>\r\n\r\n\t\t\t\t<\/div>\n\t\t\t\t<\/div>\n\t\t\t\t<div class=\"elementor-element elementor-element-a9f45bd elementor-widget elementor-widget-google_maps\" data-id=\"a9f45bd\" data-element_type=\"widget\" data-e-type=\"widget\" data-widget_type=\"google_maps.default\">\n\t\t\t\t<div class=\"elementor-widget-container\">\n\t\t\t\t\t\t\t<div class=\"elementor-custom-embed\">\n\t\t\t<iframe loading=\"lazy\"\n\t\t\t\t\tsrc=\"https:\/\/maps.google.com\/maps?q=guadalajara%2C%20jalisco&t=m&z=10&output=embed&iwloc=near\"\n\t\t\t\t\ttitle=\"guadalajara, jalisco\"\n\t\t\t\t\taria-label=\"guadalajara, jalisco\"\n\t\t\t><\/iframe>\n\t\t<\/div>\n\t\t\t\t\t\t<\/div>\n\t\t\t\t<\/div>\n\t\t\t\t\t<\/div>\n\t\t<\/div>\n\t\t\t\t\t<\/div>\n\t\t<\/section>\n\t\t\t\t<\/div>\n\t\t","protected":false},"excerpt":{"rendered":"<p>Ubicaci\u00f3n Guadalajara, Jalisco, M\u00e9xico Ll\u00e1manos +523312887399 Atenci\u00f3n 24 horas \u2014\u2014 Contacto : Enviar Mensaje<\/p>\n","protected":false},"author":1,"featured_media":0,"parent":0,"menu_order":0,"comment_status":"closed","ping_status":"closed","template":"elementor_header_footer","meta":{"_acf_changed":false,"footnotes":""},"class_list":["post-874","page","type-page","status-publish","hentry"],"acf":[],"yoast_head":"<!-- This site is optimized with the Yoast SEO plugin v27.5 - https:\/\/yoast.com\/product\/yoast-seo-wordpress\/ -->\n<title>Contact - PRATOR<\/title>\n<meta name=\"robots\" content=\"index, follow, max-snippet:-1, max-image-preview:large, max-video-preview:-1\" \/>\n<link rel=\"canonical\" href=\"https:\/\/pratormx.com\/?page_id=874\" \/>\n<meta property=\"og:locale\" content=\"en_US\" \/>\n<meta property=\"og:type\" content=\"article\" \/>\n<meta property=\"og:title\" content=\"Contact - PRATOR\" \/>\n<meta property=\"og:description\" content=\"Ubicaci\u00f3n Guadalajara, Jalisco, M\u00e9xico Ll\u00e1manos +523312887399 Atenci\u00f3n 24 horas \u2014\u2014 Contacto : Enviar Mensaje\" \/>\n<meta property=\"og:url\" content=\"https:\/\/pratormx.com\/?page_id=874\" \/>\n<meta property=\"og:site_name\" content=\"PRATOR\" \/>\n<meta property=\"article:modified_time\" content=\"2025-03-13T20:55:08+00:00\" \/>\n<meta property=\"og:image\" content=\"https:\/\/wp.hixstudio.net\/bioxlab\/wp-content\/uploads\/2022\/08\/contact-01.png\" \/>\n<meta name=\"twitter:card\" content=\"summary_large_image\" \/>\n<meta name=\"twitter:label1\" content=\"Est. reading time\" \/>\n\t<meta name=\"twitter:data1\" content=\"1 minute\" \/>\n<script type=\"application\/ld+json\" class=\"yoast-schema-graph\">{\"@context\":\"https:\\\/\\\/schema.org\",\"@graph\":[{\"@type\":\"WebPage\",\"@id\":\"https:\\\/\\\/pratormx.com\\\/?page_id=874\",\"url\":\"https:\\\/\\\/pratormx.com\\\/?page_id=874\",\"name\":\"Contact - PRATOR\",\"isPartOf\":{\"@id\":\"https:\\\/\\\/pratormx.com\\\/#website\"},\"primaryImageOfPage\":{\"@id\":\"https:\\\/\\\/pratormx.com\\\/?page_id=874#primaryimage\"},\"image\":{\"@id\":\"https:\\\/\\\/pratormx.com\\\/?page_id=874#primaryimage\"},\"thumbnailUrl\":\"https:\\\/\\\/wp.hixstudio.net\\\/bioxlab\\\/wp-content\\\/uploads\\\/2022\\\/08\\\/contact-01.png\",\"datePublished\":\"2022-08-22T16:17:50+00:00\",\"dateModified\":\"2025-03-13T20:55:08+00:00\",\"breadcrumb\":{\"@id\":\"https:\\\/\\\/pratormx.com\\\/?page_id=874#breadcrumb\"},\"inLanguage\":\"en-US\",\"potentialAction\":[{\"@type\":\"ReadAction\",\"target\":[\"https:\\\/\\\/pratormx.com\\\/?page_id=874\"]}]},{\"@type\":\"ImageObject\",\"inLanguage\":\"en-US\",\"@id\":\"https:\\\/\\\/pratormx.com\\\/?page_id=874#primaryimage\",\"url\":\"https:\\\/\\\/wp.hixstudio.net\\\/bioxlab\\\/wp-content\\\/uploads\\\/2022\\\/08\\\/contact-01.png\",\"contentUrl\":\"https:\\\/\\\/wp.hixstudio.net\\\/bioxlab\\\/wp-content\\\/uploads\\\/2022\\\/08\\\/contact-01.png\"},{\"@type\":\"BreadcrumbList\",\"@id\":\"https:\\\/\\\/pratormx.com\\\/?page_id=874#breadcrumb\",\"itemListElement\":[{\"@type\":\"ListItem\",\"position\":1,\"name\":\"Home\",\"item\":\"https:\\\/\\\/pratormx.com\\\/\"},{\"@type\":\"ListItem\",\"position\":2,\"name\":\"Contact\"}]},{\"@type\":\"WebSite\",\"@id\":\"https:\\\/\\\/pratormx.com\\\/#website\",\"url\":\"https:\\\/\\\/pratormx.com\\\/\",\"name\":\"PRATOR\",\"description\":\"\",\"publisher\":{\"@id\":\"https:\\\/\\\/pratormx.com\\\/#organization\"},\"potentialAction\":[{\"@type\":\"SearchAction\",\"target\":{\"@type\":\"EntryPoint\",\"urlTemplate\":\"https:\\\/\\\/pratormx.com\\\/?s={search_term_string}\"},\"query-input\":{\"@type\":\"PropertyValueSpecification\",\"valueRequired\":true,\"valueName\":\"search_term_string\"}}],\"inLanguage\":\"en-US\"},{\"@type\":\"Organization\",\"@id\":\"https:\\\/\\\/pratormx.com\\\/#organization\",\"name\":\"PRATOR\",\"url\":\"https:\\\/\\\/pratormx.com\\\/\",\"logo\":{\"@type\":\"ImageObject\",\"inLanguage\":\"en-US\",\"@id\":\"https:\\\/\\\/pratormx.com\\\/#\\\/schema\\\/logo\\\/image\\\/\",\"url\":\"https:\\\/\\\/pratormx.com\\\/wp-content\\\/uploads\\\/2025\\\/03\\\/pratorlogosmall.png\",\"contentUrl\":\"https:\\\/\\\/pratormx.com\\\/wp-content\\\/uploads\\\/2025\\\/03\\\/pratorlogosmall.png\",\"width\":624,\"height\":351,\"caption\":\"PRATOR\"},\"image\":{\"@id\":\"https:\\\/\\\/pratormx.com\\\/#\\\/schema\\\/logo\\\/image\\\/\"}}]}<\/script>\n<!-- \/ Yoast SEO plugin. -->","yoast_head_json":{"title":"Contact - PRATOR","robots":{"index":"index","follow":"follow","max-snippet":"max-snippet:-1","max-image-preview":"max-image-preview:large","max-video-preview":"max-video-preview:-1"},"canonical":"https:\/\/pratormx.com\/?page_id=874","og_locale":"en_US","og_type":"article","og_title":"Contact - PRATOR","og_description":"Ubicaci\u00f3n Guadalajara, Jalisco, M\u00e9xico Ll\u00e1manos +523312887399 Atenci\u00f3n 24 horas \u2014\u2014 Contacto : Enviar Mensaje","og_url":"https:\/\/pratormx.com\/?page_id=874","og_site_name":"PRATOR","article_modified_time":"2025-03-13T20:55:08+00:00","og_image":[{"url":"https:\/\/wp.hixstudio.net\/bioxlab\/wp-content\/uploads\/2022\/08\/contact-01.png","type":"","width":"","height":""}],"twitter_card":"summary_large_image","twitter_misc":{"Est. reading time":"1 minute"},"schema":{"@context":"https:\/\/schema.org","@graph":[{"@type":"WebPage","@id":"https:\/\/pratormx.com\/?page_id=874","url":"https:\/\/pratormx.com\/?page_id=874","name":"Contact - PRATOR","isPartOf":{"@id":"https:\/\/pratormx.com\/#website"},"primaryImageOfPage":{"@id":"https:\/\/pratormx.com\/?page_id=874#primaryimage"},"image":{"@id":"https:\/\/pratormx.com\/?page_id=874#primaryimage"},"thumbnailUrl":"https:\/\/wp.hixstudio.net\/bioxlab\/wp-content\/uploads\/2022\/08\/contact-01.png","datePublished":"2022-08-22T16:17:50+00:00","dateModified":"2025-03-13T20:55:08+00:00","breadcrumb":{"@id":"https:\/\/pratormx.com\/?page_id=874#breadcrumb"},"inLanguage":"en-US","potentialAction":[{"@type":"ReadAction","target":["https:\/\/pratormx.com\/?page_id=874"]}]},{"@type":"ImageObject","inLanguage":"en-US","@id":"https:\/\/pratormx.com\/?page_id=874#primaryimage","url":"https:\/\/wp.hixstudio.net\/bioxlab\/wp-content\/uploads\/2022\/08\/contact-01.png","contentUrl":"https:\/\/wp.hixstudio.net\/bioxlab\/wp-content\/uploads\/2022\/08\/contact-01.png"},{"@type":"BreadcrumbList","@id":"https:\/\/pratormx.com\/?page_id=874#breadcrumb","itemListElement":[{"@type":"ListItem","position":1,"name":"Home","item":"https:\/\/pratormx.com\/"},{"@type":"ListItem","position":2,"name":"Contact"}]},{"@type":"WebSite","@id":"https:\/\/pratormx.com\/#website","url":"https:\/\/pratormx.com\/","name":"PRATOR","description":"","publisher":{"@id":"https:\/\/pratormx.com\/#organization"},"potentialAction":[{"@type":"SearchAction","target":{"@type":"EntryPoint","urlTemplate":"https:\/\/pratormx.com\/?s={search_term_string}"},"query-input":{"@type":"PropertyValueSpecification","valueRequired":true,"valueName":"search_term_string"}}],"inLanguage":"en-US"},{"@type":"Organization","@id":"https:\/\/pratormx.com\/#organization","name":"PRATOR","url":"https:\/\/pratormx.com\/","logo":{"@type":"ImageObject","inLanguage":"en-US","@id":"https:\/\/pratormx.com\/#\/schema\/logo\/image\/","url":"https:\/\/pratormx.com\/wp-content\/uploads\/2025\/03\/pratorlogosmall.png","contentUrl":"https:\/\/pratormx.com\/wp-content\/uploads\/2025\/03\/pratorlogosmall.png","width":624,"height":351,"caption":"PRATOR"},"image":{"@id":"https:\/\/pratormx.com\/#\/schema\/logo\/image\/"}}]}},"_links":{"self":[{"href":"https:\/\/pratormx.com\/index.php?rest_route=\/wp\/v2\/pages\/874","targetHints":{"allow":["GET"]}}],"collection":[{"href":"https:\/\/pratormx.com\/index.php?rest_route=\/wp\/v2\/pages"}],"about":[{"href":"https:\/\/pratormx.com\/index.php?rest_route=\/wp\/v2\/types\/page"}],"author":[{"embeddable":true,"href":"https:\/\/pratormx.com\/index.php?rest_route=\/wp\/v2\/users\/1"}],"replies":[{"embeddable":true,"href":"https:\/\/pratormx.com\/index.php?rest_route=%2Fwp%2Fv2%2Fcomments&post=874"}],"version-history":[{"count":5,"href":"https:\/\/pratormx.com\/index.php?rest_route=\/wp\/v2\/pages\/874\/revisions"}],"predecessor-version":[{"id":1654,"href":"https:\/\/pratormx.com\/index.php?rest_route=\/wp\/v2\/pages\/874\/revisions\/1654"}],"wp:attachment":[{"href":"https:\/\/pratormx.com\/index.php?rest_route=%2Fwp%2Fv2%2Fmedia&parent=874"}],"curies":[{"name":"wp","href":"https:\/\/api.w.org\/{rel}","templated":true}]}}