{"id":10,"date":"2025-03-13T15:23:36","date_gmt":"2025-03-13T15:23:36","guid":{"rendered":"https:\/\/pratormx.com\/?page_id=10"},"modified":"2025-03-13T20:21:52","modified_gmt":"2025-03-13T20:21:52","slug":"cart","status":"publish","type":"page","link":"https:\/\/pratormx.com\/?page_id=10","title":{"rendered":"Carrito"},"content":{"rendered":"\r\n<div data-block-name=\"woocommerce\/cart\" class=\"wp-block-woocommerce-cart alignwide is-loading\">\r\n<div data-block-name=\"woocommerce\/filled-cart-block\" class=\"wp-block-woocommerce-filled-cart-block\">\r\n<div data-block-name=\"woocommerce\/cart-items-block\" class=\"wp-block-woocommerce-cart-items-block\">\r\n<div data-block-name=\"woocommerce\/cart-line-items-block\" class=\"wp-block-woocommerce-cart-line-items-block\">\u00a0<\/div>\r\n\r\n\r\n\r\n<div data-block-name=\"woocommerce\/cart-cross-sells-block\" class=\"wp-block-woocommerce-cart-cross-sells-block\">\r\n<h2 class=\"wp-block-heading has-large-font-size\">Podr\u00eda interesarte\u2026<\/h2>\r\n\r\n\r\n\r\n<div data-block-name=\"woocommerce\/cart-cross-sells-products-block\" class=\"wp-block-woocommerce-cart-cross-sells-products-block\">\u00a0<\/div>\r\n<\/div>\r\n<\/div>\r\n\r\n\r\n\r\n<div data-block-name=\"woocommerce\/cart-totals-block\" class=\"wp-block-woocommerce-cart-totals-block\">\r\n<div data-block-name=\"woocommerce\/cart-order-summary-block\" class=\"wp-block-woocommerce-cart-order-summary-block\">\r\n<div data-block-name=\"woocommerce\/cart-order-summary-heading-block\" class=\"wp-block-woocommerce-cart-order-summary-heading-block\">\u00a0<\/div>\r\n\r\n\r\n\r\n<div data-block-name=\"woocommerce\/cart-order-summary-coupon-form-block\" class=\"wp-block-woocommerce-cart-order-summary-coupon-form-block\">\u00a0<\/div>\r\n\r\n\r\n\r\n\r\n\r\n\r\n\r\n\r\n\r\n\r\n\r\n\r\n\r\n\r\n\r\n\r\n\r\n\r\n\r\n<div data-block-name=\"woocommerce\/cart-order-summary-totals-block\" class=\"wp-block-woocommerce-cart-order-summary-totals-block\">\n<div data-block-name=\"woocommerce\/cart-order-summary-subtotal-block\" class=\"wp-block-woocommerce-cart-order-summary-subtotal-block\">\u00a0<\/div>\n<div data-block-name=\"woocommerce\/cart-order-summary-discount-block\" class=\"wp-block-woocommerce-cart-order-summary-discount-block\">\u00a0<\/div>\n<div data-block-name=\"woocommerce\/cart-order-summary-fee-block\" class=\"wp-block-woocommerce-cart-order-summary-fee-block\">\u00a0<\/div>\n<div data-block-name=\"woocommerce\/cart-order-summary-shipping-block\" class=\"wp-block-woocommerce-cart-order-summary-shipping-block\">\u00a0<\/div>\n<div data-block-name=\"woocommerce\/cart-order-summary-taxes-block\" class=\"wp-block-woocommerce-cart-order-summary-taxes-block\">\u00a0<\/div><\/div>\r\n<\/div>\r\n\r\n\r\n\r\n<div data-block-name=\"woocommerce\/cart-express-payment-block\" class=\"wp-block-woocommerce-cart-express-payment-block\">\u00a0<\/div>\r\n\r\n\r\n\r\n<div data-block-name=\"woocommerce\/proceed-to-checkout-block\" class=\"wp-block-woocommerce-proceed-to-checkout-block\">\u00a0<\/div>\r\n\r\n\r\n\r\n<div data-block-name=\"woocommerce\/cart-accepted-payment-methods-block\" class=\"wp-block-woocommerce-cart-accepted-payment-methods-block\">\u00a0<\/div>\r\n<\/div>\r\n<\/div>\r\n\r\n\r\n\r\n<div data-block-name=\"woocommerce\/empty-cart-block\" class=\"wp-block-woocommerce-empty-cart-block\">\r\n<h2 class=\"wp-block-heading has-text-align-center with-empty-cart-icon wc-block-cart__empty-cart__title\">Tu carrito est\u00e1 vacio<\/h2>\r\n\r\n\r\n<hr class=\"wp-block-separator has-alpha-channel-opacity is-style-dots\" \/>\r\n\r\n\r\n<h2 class=\"wp-block-heading has-text-align-center\">Nuevo en la tienda<\/h2>\r\n\r\n\r\n<div data-block-name=\"woocommerce\/product-new\" data-columns=\"4\" data-rows=\"1\" class=\"wc-block-grid wp-block-product-new wp-block-woocommerce-product-new wc-block-product-new has-4-columns\"><ul class=\"wc-block-grid__products\"><li class=\"wc-block-grid__product\">\n\t\t\t\t<a href=\"https:\/\/pratormx.com\/?product=sujetador-de-bateria-toyota\" class=\"wc-block-grid__product-link\">\n\t\t\t\t\t\n\t\t\t\t\t<div class=\"wc-block-grid__product-image\"><img fetchpriority=\"high\" decoding=\"async\" width=\"300\" height=\"300\" src=\"https:\/\/pratormx.com\/wp-content\/uploads\/2025\/07\/WhatsApp-Image-2025-07-21-at-10.23.36-PM-300x300.jpeg\" class=\"attachment-woocommerce_thumbnail size-woocommerce_thumbnail\" alt=\"Sujetador de Bater\u00eda (TOYOTA)\" srcset=\"https:\/\/pratormx.com\/wp-content\/uploads\/2025\/07\/WhatsApp-Image-2025-07-21-at-10.23.36-PM-300x300.jpeg 300w, https:\/\/pratormx.com\/wp-content\/uploads\/2025\/07\/WhatsApp-Image-2025-07-21-at-10.23.36-PM-150x150.jpeg 150w, https:\/\/pratormx.com\/wp-content\/uploads\/2025\/07\/WhatsApp-Image-2025-07-21-at-10.23.36-PM-100x100.jpeg 100w, https:\/\/pratormx.com\/wp-content\/uploads\/2025\/07\/WhatsApp-Image-2025-07-21-at-10.23.36-PM-460x460.jpeg 460w\" sizes=\"(max-width: 300px) 100vw, 300px\"><\/div>\n\t\t\t\t\t<div class=\"wc-block-grid__product-title\">Sujetador de Bater\u00eda (TOYOTA)<\/div>\n\t\t\t\t<\/a>\n\t\t\t\t<div class=\"wc-block-grid__product-price price\"><span class=\"woocommerce-Price-amount amount\"><span class=\"woocommerce-Price-currencySymbol\">$<\/span>75.00<\/span><\/div>\n\t\t\t\t\n\t\t\t\t<div class=\"wp-block-button wc-block-grid__product-add-to-cart\"><a href=\"\/index.php?rest_route=%2Fwp%2Fv2%2Fpages%2F10&add-to-cart=1682\" aria-label=\"Add to cart: \u201cSujetador de Bater\u00eda (TOYOTA)\u201d\" data-quantity=\"1\" data-product_id=\"1682\" data-product_sku=\"\" data-price=\"75\" rel=\"nofollow\" class=\"wp-block-button__link  add_to_cart_button ajax_add_to_cart\">Add to cart<\/a><\/div><div class=\"tinv-wraper woocommerce tinv-wishlist tinvwl-after-add-to-cart tinvwl-loop-button-wrapper tinvwl-woocommerce_blocks_product_grid_item_html\" data-tinvwl_product_id=\"1682\">\r\n\t<div class=\"tinv-wishlist-clear\"><\/div><a role=\"button\" tabindex=\"0\" name=\"me-gusta\" aria-label=\"me gusta\" class=\"tinvwl_add_to_wishlist_button tinvwl-icon-heart  tinvwl-position-after tinvwl-loop\" data-tinv-wl-list=\"[]\" data-tinv-wl-product=\"1682\" data-tinv-wl-productvariation=\"0\" data-tinv-wl-productvariations=\"[]\" data-tinv-wl-producttype=\"simple\" data-tinv-wl-action=\"add\"><span class=\"tinvwl_add_to_wishlist-text\">me gusta<\/span><\/a><div class=\"tinv-wishlist-clear\"><\/div>\t\t<div class=\"tinvwl-tooltip\">me gusta<\/div>\r\n<\/div>\n\t\t\t<\/li><li class=\"wc-block-grid__product\">\n\t\t\t\t<a href=\"https:\/\/pratormx.com\/?product=sujetador\" class=\"wc-block-grid__product-link\">\n\t\t\t\t\t\n\t\t\t\t\t<div class=\"wc-block-grid__product-image\"><img decoding=\"async\" width=\"300\" height=\"300\" src=\"https:\/\/pratormx.com\/wp-content\/uploads\/2025\/03\/sujetador-300x300.jpg\" class=\"attachment-woocommerce_thumbnail size-woocommerce_thumbnail\" alt=\"Sujetador de Bater\u00eda Ajustable\" srcset=\"https:\/\/pratormx.com\/wp-content\/uploads\/2025\/03\/sujetador-300x300.jpg 300w, https:\/\/pratormx.com\/wp-content\/uploads\/2025\/03\/sujetador-150x150.jpg 150w, https:\/\/pratormx.com\/wp-content\/uploads\/2025\/03\/sujetador-100x100.jpg 100w, https:\/\/pratormx.com\/wp-content\/uploads\/2025\/03\/sujetador-460x460.jpg 460w\" sizes=\"(max-width: 300px) 100vw, 300px\"><\/div>\n\t\t\t\t\t<div class=\"wc-block-grid__product-title\">Sujetador de Bater\u00eda Ajustable<\/div>\n\t\t\t\t<\/a>\n\t\t\t\t<div class=\"wc-block-grid__product-price price\"><span class=\"woocommerce-Price-amount amount\"><span class=\"woocommerce-Price-currencySymbol\">$<\/span>75.00<\/span><\/div>\n\t\t\t\t\n\t\t\t\t<div class=\"wp-block-button wc-block-grid__product-add-to-cart\"><a href=\"\/index.php?rest_route=%2Fwp%2Fv2%2Fpages%2F10&add-to-cart=1606\" aria-label=\"Add to cart: \u201cSujetador de Bater\u00eda Ajustable\u201d\" data-quantity=\"1\" data-product_id=\"1606\" data-product_sku=\"\" data-price=\"75\" rel=\"nofollow\" class=\"wp-block-button__link  add_to_cart_button ajax_add_to_cart\">Add to cart<\/a><\/div><div class=\"tinv-wraper woocommerce tinv-wishlist tinvwl-after-add-to-cart tinvwl-loop-button-wrapper tinvwl-woocommerce_blocks_product_grid_item_html\" data-tinvwl_product_id=\"1606\">\r\n\t<div class=\"tinv-wishlist-clear\"><\/div><a role=\"button\" tabindex=\"0\" name=\"me-gusta\" aria-label=\"me gusta\" class=\"tinvwl_add_to_wishlist_button tinvwl-icon-heart  tinvwl-position-after tinvwl-loop\" data-tinv-wl-list=\"[]\" data-tinv-wl-product=\"1606\" data-tinv-wl-productvariation=\"0\" data-tinv-wl-productvariations=\"[]\" data-tinv-wl-producttype=\"simple\" data-tinv-wl-action=\"add\"><span class=\"tinvwl_add_to_wishlist-text\">me gusta<\/span><\/a><div class=\"tinv-wishlist-clear\"><\/div>\t\t<div class=\"tinvwl-tooltip\">me gusta<\/div>\r\n<\/div>\n\t\t\t<\/li><li class=\"wc-block-grid__product\">\n\t\t\t\t<a href=\"https:\/\/pratormx.com\/?product=antisulfatante-para-bateria-de-auto-cartera\" class=\"wc-block-grid__product-link\">\n\t\t\t\t\t\n\t\t\t\t\t<div class=\"wc-block-grid__product-image\"><img decoding=\"async\" width=\"300\" height=\"300\" src=\"https:\/\/pratormx.com\/wp-content\/uploads\/2025\/03\/Screenshot-2025-03-13-at-12.43.14%E2%80%AFPM-300x300.jpg\" class=\"attachment-woocommerce_thumbnail size-woocommerce_thumbnail\" alt=\"Antisulfatante para Bater\u00eda de Auto (Cartera)\" srcset=\"https:\/\/pratormx.com\/wp-content\/uploads\/2025\/03\/Screenshot-2025-03-13-at-12.43.14\u202fPM-300x300.jpg 300w, https:\/\/pratormx.com\/wp-content\/uploads\/2025\/03\/Screenshot-2025-03-13-at-12.43.14\u202fPM-150x150.jpg 150w, https:\/\/pratormx.com\/wp-content\/uploads\/2025\/03\/Screenshot-2025-03-13-at-12.43.14\u202fPM-100x100.jpg 100w, https:\/\/pratormx.com\/wp-content\/uploads\/2025\/03\/Screenshot-2025-03-13-at-12.43.14\u202fPM-460x460.jpg 460w\" sizes=\"(max-width: 300px) 100vw, 300px\"><\/div>\n\t\t\t\t\t<div class=\"wc-block-grid__product-title\">Antisulfatante para Bater\u00eda de Auto (Cartera)<\/div>\n\t\t\t\t<\/a>\n\t\t\t\t<div class=\"wc-block-grid__product-price price\"><span class=\"woocommerce-Price-amount amount\"><span class=\"woocommerce-Price-currencySymbol\">$<\/span>50.00<\/span><\/div>\n\t\t\t\t\n\t\t\t\t<div class=\"wp-block-button wc-block-grid__product-add-to-cart\"><a href=\"\/index.php?rest_route=%2Fwp%2Fv2%2Fpages%2F10&add-to-cart=1601\" aria-label=\"Add to cart: \u201cAntisulfatante para Bater\u00eda de Auto (Cartera)\u201d\" data-quantity=\"1\" data-product_id=\"1601\" data-product_sku=\"\" data-price=\"50\" rel=\"nofollow\" class=\"wp-block-button__link  add_to_cart_button ajax_add_to_cart\">Add to cart<\/a><\/div><div class=\"tinv-wraper woocommerce tinv-wishlist tinvwl-after-add-to-cart tinvwl-loop-button-wrapper tinvwl-woocommerce_blocks_product_grid_item_html\" data-tinvwl_product_id=\"1601\">\r\n\t<div class=\"tinv-wishlist-clear\"><\/div><a role=\"button\" tabindex=\"0\" name=\"me-gusta\" aria-label=\"me gusta\" class=\"tinvwl_add_to_wishlist_button tinvwl-icon-heart  tinvwl-position-after tinvwl-loop\" data-tinv-wl-list=\"[]\" data-tinv-wl-product=\"1601\" data-tinv-wl-productvariation=\"0\" data-tinv-wl-productvariations=\"[]\" data-tinv-wl-producttype=\"simple\" data-tinv-wl-action=\"add\"><span class=\"tinvwl_add_to_wishlist-text\">me gusta<\/span><\/a><div class=\"tinv-wishlist-clear\"><\/div>\t\t<div class=\"tinvwl-tooltip\">me gusta<\/div>\r\n<\/div>\n\t\t\t<\/li><\/ul><\/div><\/div>\r\n<\/div>\r\n","protected":false},"excerpt":{"rendered":"","protected":false},"author":1,"featured_media":0,"parent":0,"menu_order":0,"comment_status":"closed","ping_status":"closed","template":"","meta":{"_acf_changed":false,"footnotes":""},"class_list":["post-10","page","type-page","status-publish","hentry"],"acf":[],"yoast_head":"<!-- This site is optimized with the Yoast SEO plugin v27.5 - https:\/\/yoast.com\/product\/yoast-seo-wordpress\/ -->\n<title>Carrito - PRATOR<\/title>\n<meta name=\"description\" content=\"Encuentra los mejores productos para el cuidado de la bater\u00eda de tu auto. Antisulfatantes, sujetadores de bater\u00eda y m\u00e1s para prolongar su vida \u00fatil. Calidad garantizada. \u00a1Compra ahora!\" \/>\n<meta name=\"robots\" content=\"index, follow, max-snippet:-1, max-image-preview:large, max-video-preview:-1\" \/>\n<link rel=\"canonical\" href=\"https:\/\/pratormx.com\/?page_id=10\" \/>\n<meta property=\"og:locale\" content=\"en_US\" \/>\n<meta property=\"og:type\" content=\"article\" \/>\n<meta property=\"og:title\" content=\"Carrito - PRATOR\" \/>\n<meta property=\"og:description\" content=\"Encuentra los mejores productos para el cuidado de la bater\u00eda de tu auto. Antisulfatantes, sujetadores de bater\u00eda y m\u00e1s para prolongar su vida \u00fatil. Calidad garantizada. \u00a1Compra ahora!\" \/>\n<meta property=\"og:url\" content=\"https:\/\/pratormx.com\/?page_id=10\" \/>\n<meta property=\"og:site_name\" content=\"PRATOR\" \/>\n<meta property=\"article:modified_time\" content=\"2025-03-13T20:21:52+00:00\" \/>\n<meta name=\"twitter:card\" content=\"summary_large_image\" \/>\n<meta name=\"twitter:label1\" content=\"Est. reading time\" \/>\n\t<meta name=\"twitter:data1\" content=\"1 minute\" \/>\n<script type=\"application\/ld+json\" class=\"yoast-schema-graph\">{\"@context\":\"https:\\\/\\\/schema.org\",\"@graph\":[{\"@type\":\"WebPage\",\"@id\":\"https:\\\/\\\/pratormx.com\\\/?page_id=10\",\"url\":\"https:\\\/\\\/pratormx.com\\\/?page_id=10\",\"name\":\"Carrito - PRATOR\",\"isPartOf\":{\"@id\":\"https:\\\/\\\/pratormx.com\\\/#website\"},\"datePublished\":\"2025-03-13T15:23:36+00:00\",\"dateModified\":\"2025-03-13T20:21:52+00:00\",\"description\":\"Encuentra los mejores productos para el cuidado de la bater\u00eda de tu auto. Antisulfatantes, sujetadores de bater\u00eda y m\u00e1s para prolongar su vida \u00fatil. Calidad garantizada. \u00a1Compra ahora!\",\"breadcrumb\":{\"@id\":\"https:\\\/\\\/pratormx.com\\\/?page_id=10#breadcrumb\"},\"inLanguage\":\"en-US\",\"potentialAction\":[{\"@type\":\"ReadAction\",\"target\":[\"https:\\\/\\\/pratormx.com\\\/?page_id=10\"]}]},{\"@type\":\"BreadcrumbList\",\"@id\":\"https:\\\/\\\/pratormx.com\\\/?page_id=10#breadcrumb\",\"itemListElement\":[{\"@type\":\"ListItem\",\"position\":1,\"name\":\"Home\",\"item\":\"https:\\\/\\\/pratormx.com\\\/\"},{\"@type\":\"ListItem\",\"position\":2,\"name\":\"Carrito\"}]},{\"@type\":\"WebSite\",\"@id\":\"https:\\\/\\\/pratormx.com\\\/#website\",\"url\":\"https:\\\/\\\/pratormx.com\\\/\",\"name\":\"PRATOR\",\"description\":\"\",\"publisher\":{\"@id\":\"https:\\\/\\\/pratormx.com\\\/#organization\"},\"potentialAction\":[{\"@type\":\"SearchAction\",\"target\":{\"@type\":\"EntryPoint\",\"urlTemplate\":\"https:\\\/\\\/pratormx.com\\\/?s={search_term_string}\"},\"query-input\":{\"@type\":\"PropertyValueSpecification\",\"valueRequired\":true,\"valueName\":\"search_term_string\"}}],\"inLanguage\":\"en-US\"},{\"@type\":\"Organization\",\"@id\":\"https:\\\/\\\/pratormx.com\\\/#organization\",\"name\":\"PRATOR\",\"url\":\"https:\\\/\\\/pratormx.com\\\/\",\"logo\":{\"@type\":\"ImageObject\",\"inLanguage\":\"en-US\",\"@id\":\"https:\\\/\\\/pratormx.com\\\/#\\\/schema\\\/logo\\\/image\\\/\",\"url\":\"https:\\\/\\\/pratormx.com\\\/wp-content\\\/uploads\\\/2025\\\/03\\\/pratorlogosmall.png\",\"contentUrl\":\"https:\\\/\\\/pratormx.com\\\/wp-content\\\/uploads\\\/2025\\\/03\\\/pratorlogosmall.png\",\"width\":624,\"height\":351,\"caption\":\"PRATOR\"},\"image\":{\"@id\":\"https:\\\/\\\/pratormx.com\\\/#\\\/schema\\\/logo\\\/image\\\/\"}}]}<\/script>\n<!-- \/ Yoast SEO plugin. -->","yoast_head_json":{"title":"Carrito - PRATOR","description":"Encuentra los mejores productos para el cuidado de la bater\u00eda de tu auto. Antisulfatantes, sujetadores de bater\u00eda y m\u00e1s para prolongar su vida \u00fatil. Calidad garantizada. \u00a1Compra ahora!","robots":{"index":"index","follow":"follow","max-snippet":"max-snippet:-1","max-image-preview":"max-image-preview:large","max-video-preview":"max-video-preview:-1"},"canonical":"https:\/\/pratormx.com\/?page_id=10","og_locale":"en_US","og_type":"article","og_title":"Carrito - PRATOR","og_description":"Encuentra los mejores productos para el cuidado de la bater\u00eda de tu auto. Antisulfatantes, sujetadores de bater\u00eda y m\u00e1s para prolongar su vida \u00fatil. Calidad garantizada. \u00a1Compra ahora!","og_url":"https:\/\/pratormx.com\/?page_id=10","og_site_name":"PRATOR","article_modified_time":"2025-03-13T20:21:52+00:00","twitter_card":"summary_large_image","twitter_misc":{"Est. reading time":"1 minute"},"schema":{"@context":"https:\/\/schema.org","@graph":[{"@type":"WebPage","@id":"https:\/\/pratormx.com\/?page_id=10","url":"https:\/\/pratormx.com\/?page_id=10","name":"Carrito - PRATOR","isPartOf":{"@id":"https:\/\/pratormx.com\/#website"},"datePublished":"2025-03-13T15:23:36+00:00","dateModified":"2025-03-13T20:21:52+00:00","description":"Encuentra los mejores productos para el cuidado de la bater\u00eda de tu auto. Antisulfatantes, sujetadores de bater\u00eda y m\u00e1s para prolongar su vida \u00fatil. Calidad garantizada. \u00a1Compra ahora!","breadcrumb":{"@id":"https:\/\/pratormx.com\/?page_id=10#breadcrumb"},"inLanguage":"en-US","potentialAction":[{"@type":"ReadAction","target":["https:\/\/pratormx.com\/?page_id=10"]}]},{"@type":"BreadcrumbList","@id":"https:\/\/pratormx.com\/?page_id=10#breadcrumb","itemListElement":[{"@type":"ListItem","position":1,"name":"Home","item":"https:\/\/pratormx.com\/"},{"@type":"ListItem","position":2,"name":"Carrito"}]},{"@type":"WebSite","@id":"https:\/\/pratormx.com\/#website","url":"https:\/\/pratormx.com\/","name":"PRATOR","description":"","publisher":{"@id":"https:\/\/pratormx.com\/#organization"},"potentialAction":[{"@type":"SearchAction","target":{"@type":"EntryPoint","urlTemplate":"https:\/\/pratormx.com\/?s={search_term_string}"},"query-input":{"@type":"PropertyValueSpecification","valueRequired":true,"valueName":"search_term_string"}}],"inLanguage":"en-US"},{"@type":"Organization","@id":"https:\/\/pratormx.com\/#organization","name":"PRATOR","url":"https:\/\/pratormx.com\/","logo":{"@type":"ImageObject","inLanguage":"en-US","@id":"https:\/\/pratormx.com\/#\/schema\/logo\/image\/","url":"https:\/\/pratormx.com\/wp-content\/uploads\/2025\/03\/pratorlogosmall.png","contentUrl":"https:\/\/pratormx.com\/wp-content\/uploads\/2025\/03\/pratorlogosmall.png","width":624,"height":351,"caption":"PRATOR"},"image":{"@id":"https:\/\/pratormx.com\/#\/schema\/logo\/image\/"}}]}},"_links":{"self":[{"href":"https:\/\/pratormx.com\/index.php?rest_route=\/wp\/v2\/pages\/10","targetHints":{"allow":["GET"]}}],"collection":[{"href":"https:\/\/pratormx.com\/index.php?rest_route=\/wp\/v2\/pages"}],"about":[{"href":"https:\/\/pratormx.com\/index.php?rest_route=\/wp\/v2\/types\/page"}],"author":[{"embeddable":true,"href":"https:\/\/pratormx.com\/index.php?rest_route=\/wp\/v2\/users\/1"}],"replies":[{"embeddable":true,"href":"https:\/\/pratormx.com\/index.php?rest_route=%2Fwp%2Fv2%2Fcomments&post=10"}],"version-history":[{"count":2,"href":"https:\/\/pratormx.com\/index.php?rest_route=\/wp\/v2\/pages\/10\/revisions"}],"predecessor-version":[{"id":1593,"href":"https:\/\/pratormx.com\/index.php?rest_route=\/wp\/v2\/pages\/10\/revisions\/1593"}],"wp:attachment":[{"href":"https:\/\/pratormx.com\/index.php?rest_route=%2Fwp%2Fv2%2Fmedia&parent=10"}],"curies":[{"name":"wp","href":"https:\/\/api.w.org\/{rel}","templated":true}]}}